{"id":4836,"date":"2025-02-18T14:03:16","date_gmt":"2025-02-18T13:03:16","guid":{"rendered":"https:\/\/www.broeckhuys.nl\/?page_id=4836"},"modified":"2025-02-18T14:03:16","modified_gmt":"2025-02-18T13:03:16","slug":"plan-detage","status":"publish","type":"page","link":"https:\/\/www.broeckhuys.nl\/fr\/plan-detage\/","title":{"rendered":"Plan d&#8217;\u00e9tage"},"content":{"rendered":"\t\t<div data-elementor-type=\"wp-page\" data-elementor-id=\"4836\" class=\"elementor elementor-4836 elementor-4833\" data-elementor-post-type=\"page\">\n\t\t\t\t\t\t<section class=\"elementor-section elementor-top-section elementor-element elementor-element-573327c0 elementor-section-height-min-height elementor-section-boxed elementor-section-height-default elementor-section-items-middle\" data-id=\"573327c0\" data-element_type=\"section\" data-e-type=\"section\" data-settings=\"{&quot;background_background&quot;:&quot;classic&quot;}\">\n\t\t\t\t\t\t\t<div class=\"elementor-background-overlay\"><\/div>\n\t\t\t\t\t\t\t<div class=\"elementor-container elementor-column-gap-default\">\n\t\t\t\t\t<div class=\"elementor-column elementor-col-100 elementor-top-column elementor-element elementor-element-309d6f35\" data-id=\"309d6f35\" data-element_type=\"column\" data-e-type=\"column\">\n\t\t\t<div class=\"elementor-widget-wrap elementor-element-populated\">\n\t\t\t\t\t\t\t<\/div>\n\t\t<\/div>\n\t\t\t\t\t<\/div>\n\t\t<\/section>\n\t\t\t\t<section class=\"elementor-section elementor-top-section elementor-element elementor-element-f793712 elementor-section-boxed elementor-section-height-default elementor-section-height-default\" data-id=\"f793712\" data-element_type=\"section\" data-e-type=\"section\">\n\t\t\t\t\t\t<div class=\"elementor-container elementor-column-gap-default\">\n\t\t\t\t\t<div class=\"elementor-column elementor-col-100 elementor-top-column elementor-element elementor-element-3170d27\" data-id=\"3170d27\" data-element_type=\"column\" data-e-type=\"column\">\n\t\t\t<div class=\"elementor-widget-wrap elementor-element-populated\">\n\t\t\t\t\t\t<div class=\"elementor-element elementor-element-a9a4016 elementor-widget elementor-widget-spacer\" data-id=\"a9a4016\" data-element_type=\"widget\" data-e-type=\"widget\" data-widget_type=\"spacer.default\">\n\t\t\t\t<div class=\"elementor-widget-container\">\n\t\t\t\t\t\t\t<div class=\"elementor-spacer\">\n\t\t\t<div class=\"elementor-spacer-inner\"><\/div>\n\t\t<\/div>\n\t\t\t\t\t\t<\/div>\n\t\t\t\t<\/div>\n\t\t\t\t<div class=\"elementor-element elementor-element-a58c62c elementor-widget elementor-widget-heading\" data-id=\"a58c62c\" data-element_type=\"widget\" data-e-type=\"widget\" data-widget_type=\"heading.default\">\n\t\t\t\t<div class=\"elementor-widget-container\">\n\t\t\t\t\t<h2 class=\"elementor-heading-title elementor-size-default\">Plan du parc de vacances<\/h2>\t\t\t\t<\/div>\n\t\t\t\t<\/div>\n\t\t\t\t<div class=\"elementor-element elementor-element-1fd8324 elementor-widget elementor-widget-text-editor\" data-id=\"1fd8324\" data-element_type=\"widget\" data-e-type=\"widget\" data-widget_type=\"text-editor.default\">\n\t\t\t\t<div class=\"elementor-widget-container\">\n\t\t\t\t\t\t\t\t\t<h4><strong>Cliquez sur la carte ci-dessous pour la t\u00e9l\u00e9charger, l&#8217;imprimer ou l&#8217;agrandir ! <\/strong><\/h4>\n\t\t\t\t\t\t\t\t<\/div>\n\t\t\t\t<\/div>\n\t\t\t\t\t<\/div>\n\t\t<\/div>\n\t\t\t\t\t<\/div>\n\t\t<\/section>\n\t\t\t\t<section class=\"elementor-section elementor-top-section elementor-element elementor-element-d303b73 elementor-section-boxed elementor-section-height-default elementor-section-height-default\" data-id=\"d303b73\" data-element_type=\"section\" data-e-type=\"section\">\n\t\t\t\t\t\t<div class=\"elementor-container elementor-column-gap-default\">\n\t\t\t\t\t<div class=\"elementor-column elementor-col-100 elementor-top-column elementor-element elementor-element-e6f97fa\" data-id=\"e6f97fa\" data-element_type=\"column\" data-e-type=\"column\">\n\t\t\t<div class=\"elementor-widget-wrap elementor-element-populated\">\n\t\t\t\t\t\t<div class=\"elementor-element elementor-element-27e24e0 elementor-widget elementor-widget-image\" data-id=\"27e24e0\" data-element_type=\"widget\" data-e-type=\"widget\" data-widget_type=\"image.default\">\n\t\t\t\t<div class=\"elementor-widget-container\">\n\t\t\t\t\t\t\t\t\t\t\t\t\t\t\t\t<a href=\"\/wp-content\/uploads\/2025\/02\/Plattegrond-Broeckhuys.pdf\" target=\"_blank\">\n\t\t\t\t\t\t\t<img fetchpriority=\"high\" decoding=\"async\" width=\"800\" height=\"571\" src=\"https:\/\/www.broeckhuys.nl\/wp-content\/uploads\/2025\/01\/PLattegrond-afbeelding-1024x731.jpg\" class=\"attachment-large size-large wp-image-4804\" alt=\"\" srcset=\"https:\/\/www.broeckhuys.nl\/wp-content\/uploads\/2025\/01\/PLattegrond-afbeelding-1024x731.jpg 1024w, https:\/\/www.broeckhuys.nl\/wp-content\/uploads\/2025\/01\/PLattegrond-afbeelding-300x214.jpg 300w, https:\/\/www.broeckhuys.nl\/wp-content\/uploads\/2025\/01\/PLattegrond-afbeelding-768x548.jpg 768w, https:\/\/www.broeckhuys.nl\/wp-content\/uploads\/2025\/01\/PLattegrond-afbeelding.jpg 1101w\" sizes=\"(max-width: 800px) 100vw, 800px\" \/>\t\t\t\t\t\t\t\t<\/a>\n\t\t\t\t\t\t\t\t\t\t\t\t\t\t\t<\/div>\n\t\t\t\t<\/div>\n\t\t\t\t\t<\/div>\n\t\t<\/div>\n\t\t\t\t\t<\/div>\n\t\t<\/section>\n\t\t\t\t<\/div>\n\t\t","protected":false},"excerpt":{"rendered":"<p>Plan du parc de vacances Cliquez sur la carte ci-dessous pour la t\u00e9l\u00e9charger, l&#8217;imprimer ou l&#8217;agrandir !<\/p>\n","protected":false},"author":2,"featured_media":0,"parent":0,"menu_order":0,"comment_status":"closed","ping_status":"closed","template":"","meta":{"footnotes":""},"class_list":["post-4836","page","type-page","status-publish","hentry"],"yoast_head":"<!-- This site is optimized with the Yoast SEO plugin v27.3 - https:\/\/yoast.com\/product\/yoast-seo-wordpress\/ -->\n<title>D\u00e9couvrez les meilleures activit\u00e9s \u00e0 proximit\u00e9 de Nim\u00e8gue | Parc de vacances \u2018t Broeckhuys<\/title>\n<meta name=\"description\" content=\"Profitez en famille et amis d&#039;activit\u00e9s ludiques pour petits et grands. Bowling, natation ou escalade dans notre aire de jeux. Chez &#039;t Broeckhuys, tout est possible !\" \/>\n<meta name=\"robots\" content=\"index, follow, max-snippet:-1, max-image-preview:large, max-video-preview:-1\" \/>\n<link rel=\"canonical\" href=\"https:\/\/www.broeckhuys.nl\/fr\/plan-detage\/\" \/>\n<meta property=\"og:locale\" content=\"fr_FR\" \/>\n<meta property=\"og:type\" content=\"article\" \/>\n<meta property=\"og:title\" content=\"D\u00e9couvrez les meilleures activit\u00e9s \u00e0 proximit\u00e9 de Nim\u00e8gue | Parc de vacances \u2018t Broeckhuys\" \/>\n<meta property=\"og:description\" content=\"Profitez en famille et amis d&#039;activit\u00e9s ludiques pour petits et grands. Bowling, natation ou escalade dans notre aire de jeux. Chez &#039;t Broeckhuys, tout est possible !\" \/>\n<meta property=\"og:url\" content=\"https:\/\/www.broeckhuys.nl\/fr\/plan-detage\/\" \/>\n<meta property=\"og:site_name\" content=\"Vakantiepark &#039;t Broeckhuys\" \/>\n<meta property=\"article:publisher\" content=\"https:\/\/www.facebook.com\/broeckhuys\" \/>\n<meta property=\"og:image\" content=\"https:\/\/i0.wp.com\/www.broeckhuys.nl\/wp-content\/uploads\/2025\/01\/PLattegrond-afbeelding.jpg?fit=800%2C571&amp;ssl=1\" \/>\n<meta name=\"twitter:card\" content=\"summary_large_image\" \/>\n<meta name=\"twitter:label1\" content=\"Est. reading time\" \/>\n\t<meta name=\"twitter:data1\" content=\"8 minutes\" \/>\n<script type=\"application\/ld+json\" class=\"yoast-schema-graph\">{\"@context\":\"https:\\\/\\\/schema.org\",\"@graph\":[{\"@type\":\"WebPage\",\"@id\":\"https:\\\/\\\/www.broeckhuys.nl\\\/fr\\\/plan-detage\\\/\",\"url\":\"https:\\\/\\\/www.broeckhuys.nl\\\/fr\\\/plan-detage\\\/\",\"name\":\"D\u00e9couvrez les meilleures activit\u00e9s \u00e0 proximit\u00e9 de Nim\u00e8gue | Parc de vacances \u2018t Broeckhuys\",\"isPartOf\":{\"@id\":\"https:\\\/\\\/www.broeckhuys.nl\\\/#website\"},\"primaryImageOfPage\":{\"@id\":\"https:\\\/\\\/www.broeckhuys.nl\\\/fr\\\/plan-detage\\\/#primaryimage\"},\"image\":{\"@id\":\"https:\\\/\\\/www.broeckhuys.nl\\\/fr\\\/plan-detage\\\/#primaryimage\"},\"thumbnailUrl\":\"https:\\\/\\\/i0.wp.com\\\/www.broeckhuys.nl\\\/wp-content\\\/uploads\\\/2025\\\/01\\\/PLattegrond-afbeelding.jpg?fit=800%2C571&amp;ssl=1\",\"datePublished\":\"2025-02-18T13:03:16+00:00\",\"description\":\"Profitez en famille et amis d'activit\u00e9s ludiques pour petits et grands. Bowling, natation ou escalade dans notre aire de jeux. Chez 't Broeckhuys, tout est possible !\",\"breadcrumb\":{\"@id\":\"https:\\\/\\\/www.broeckhuys.nl\\\/fr\\\/plan-detage\\\/#breadcrumb\"},\"inLanguage\":\"fr\",\"potentialAction\":[{\"@type\":\"ReadAction\",\"target\":[\"https:\\\/\\\/www.broeckhuys.nl\\\/fr\\\/plan-detage\\\/\"]}]},{\"@type\":\"ImageObject\",\"inLanguage\":\"fr\",\"@id\":\"https:\\\/\\\/www.broeckhuys.nl\\\/fr\\\/plan-detage\\\/#primaryimage\",\"url\":\"https:\\\/\\\/i0.wp.com\\\/www.broeckhuys.nl\\\/wp-content\\\/uploads\\\/2025\\\/01\\\/PLattegrond-afbeelding.jpg?fit=800%2C571&amp;ssl=1\",\"contentUrl\":\"https:\\\/\\\/i0.wp.com\\\/www.broeckhuys.nl\\\/wp-content\\\/uploads\\\/2025\\\/01\\\/PLattegrond-afbeelding.jpg?fit=800%2C571&amp;ssl=1\"},{\"@type\":\"BreadcrumbList\",\"@id\":\"https:\\\/\\\/www.broeckhuys.nl\\\/fr\\\/plan-detage\\\/#breadcrumb\",\"itemListElement\":[{\"@type\":\"ListItem\",\"position\":1,\"name\":\"Home\",\"item\":\"https:\\\/\\\/www.broeckhuys.nl\\\/fr\\\/\"},{\"@type\":\"ListItem\",\"position\":2,\"name\":\"Plan d&#8217;\u00e9tage\"}]},{\"@type\":\"WebSite\",\"@id\":\"https:\\\/\\\/www.broeckhuys.nl\\\/#website\",\"url\":\"https:\\\/\\\/www.broeckhuys.nl\\\/\",\"name\":\"Vakantiepark &#039;t Broeckhuys\",\"description\":\"Ontspannen genieten in &#039;t groen\",\"publisher\":{\"@id\":\"https:\\\/\\\/www.broeckhuys.nl\\\/#organization\"},\"potentialAction\":[{\"@type\":\"SearchAction\",\"target\":{\"@type\":\"EntryPoint\",\"urlTemplate\":\"https:\\\/\\\/www.broeckhuys.nl\\\/?s={search_term_string}\"},\"query-input\":{\"@type\":\"PropertyValueSpecification\",\"valueRequired\":true,\"valueName\":\"search_term_string\"}}],\"inLanguage\":\"fr\"},{\"@type\":\"Organization\",\"@id\":\"https:\\\/\\\/www.broeckhuys.nl\\\/#organization\",\"name\":\"Groene Heuvels Exploitatie B.V\",\"url\":\"https:\\\/\\\/www.broeckhuys.nl\\\/\",\"logo\":{\"@type\":\"ImageObject\",\"inLanguage\":\"fr\",\"@id\":\"https:\\\/\\\/www.broeckhuys.nl\\\/#\\\/schema\\\/logo\\\/image\\\/\",\"url\":\"https:\\\/\\\/i0.wp.com\\\/www.broeckhuys.nl\\\/wp-content\\\/uploads\\\/2022\\\/05\\\/5745-Broeckhuys-logo-RGB-scaled.jpg?fit=2560%2C1280&ssl=1\",\"contentUrl\":\"https:\\\/\\\/i0.wp.com\\\/www.broeckhuys.nl\\\/wp-content\\\/uploads\\\/2022\\\/05\\\/5745-Broeckhuys-logo-RGB-scaled.jpg?fit=2560%2C1280&ssl=1\",\"width\":2560,\"height\":1280,\"caption\":\"Groene Heuvels Exploitatie B.V\"},\"image\":{\"@id\":\"https:\\\/\\\/www.broeckhuys.nl\\\/#\\\/schema\\\/logo\\\/image\\\/\"},\"sameAs\":[\"https:\\\/\\\/www.facebook.com\\\/broeckhuys\"]}]}<\/script>\n<!-- \/ Yoast SEO plugin. -->","yoast_head_json":{"title":"D\u00e9couvrez les meilleures activit\u00e9s \u00e0 proximit\u00e9 de Nim\u00e8gue | Parc de vacances \u2018t Broeckhuys","description":"Profitez en famille et amis d'activit\u00e9s ludiques pour petits et grands. Bowling, natation ou escalade dans notre aire de jeux. Chez 't Broeckhuys, tout est possible !","robots":{"index":"index","follow":"follow","max-snippet":"max-snippet:-1","max-image-preview":"max-image-preview:large","max-video-preview":"max-video-preview:-1"},"canonical":"https:\/\/www.broeckhuys.nl\/fr\/plan-detage\/","og_locale":"fr_FR","og_type":"article","og_title":"D\u00e9couvrez les meilleures activit\u00e9s \u00e0 proximit\u00e9 de Nim\u00e8gue | Parc de vacances \u2018t Broeckhuys","og_description":"Profitez en famille et amis d'activit\u00e9s ludiques pour petits et grands. Bowling, natation ou escalade dans notre aire de jeux. Chez 't Broeckhuys, tout est possible !","og_url":"https:\/\/www.broeckhuys.nl\/fr\/plan-detage\/","og_site_name":"Vakantiepark &#039;t Broeckhuys","article_publisher":"https:\/\/www.facebook.com\/broeckhuys","og_image":[{"url":"https:\/\/i0.wp.com\/www.broeckhuys.nl\/wp-content\/uploads\/2025\/01\/PLattegrond-afbeelding.jpg?fit=800%2C571&amp;ssl=1","type":"","width":"","height":""}],"twitter_card":"summary_large_image","twitter_misc":{"Est. reading time":"8 minutes"},"schema":{"@context":"https:\/\/schema.org","@graph":[{"@type":"WebPage","@id":"https:\/\/www.broeckhuys.nl\/fr\/plan-detage\/","url":"https:\/\/www.broeckhuys.nl\/fr\/plan-detage\/","name":"D\u00e9couvrez les meilleures activit\u00e9s \u00e0 proximit\u00e9 de Nim\u00e8gue | Parc de vacances \u2018t Broeckhuys","isPartOf":{"@id":"https:\/\/www.broeckhuys.nl\/#website"},"primaryImageOfPage":{"@id":"https:\/\/www.broeckhuys.nl\/fr\/plan-detage\/#primaryimage"},"image":{"@id":"https:\/\/www.broeckhuys.nl\/fr\/plan-detage\/#primaryimage"},"thumbnailUrl":"https:\/\/i0.wp.com\/www.broeckhuys.nl\/wp-content\/uploads\/2025\/01\/PLattegrond-afbeelding.jpg?fit=800%2C571&amp;ssl=1","datePublished":"2025-02-18T13:03:16+00:00","description":"Profitez en famille et amis d'activit\u00e9s ludiques pour petits et grands. Bowling, natation ou escalade dans notre aire de jeux. Chez 't Broeckhuys, tout est possible !","breadcrumb":{"@id":"https:\/\/www.broeckhuys.nl\/fr\/plan-detage\/#breadcrumb"},"inLanguage":"fr","potentialAction":[{"@type":"ReadAction","target":["https:\/\/www.broeckhuys.nl\/fr\/plan-detage\/"]}]},{"@type":"ImageObject","inLanguage":"fr","@id":"https:\/\/www.broeckhuys.nl\/fr\/plan-detage\/#primaryimage","url":"https:\/\/i0.wp.com\/www.broeckhuys.nl\/wp-content\/uploads\/2025\/01\/PLattegrond-afbeelding.jpg?fit=800%2C571&amp;ssl=1","contentUrl":"https:\/\/i0.wp.com\/www.broeckhuys.nl\/wp-content\/uploads\/2025\/01\/PLattegrond-afbeelding.jpg?fit=800%2C571&amp;ssl=1"},{"@type":"BreadcrumbList","@id":"https:\/\/www.broeckhuys.nl\/fr\/plan-detage\/#breadcrumb","itemListElement":[{"@type":"ListItem","position":1,"name":"Home","item":"https:\/\/www.broeckhuys.nl\/fr\/"},{"@type":"ListItem","position":2,"name":"Plan d&#8217;\u00e9tage"}]},{"@type":"WebSite","@id":"https:\/\/www.broeckhuys.nl\/#website","url":"https:\/\/www.broeckhuys.nl\/","name":"Vakantiepark &#039;t Broeckhuys","description":"Ontspannen genieten in &#039;t groen","publisher":{"@id":"https:\/\/www.broeckhuys.nl\/#organization"},"potentialAction":[{"@type":"SearchAction","target":{"@type":"EntryPoint","urlTemplate":"https:\/\/www.broeckhuys.nl\/?s={search_term_string}"},"query-input":{"@type":"PropertyValueSpecification","valueRequired":true,"valueName":"search_term_string"}}],"inLanguage":"fr"},{"@type":"Organization","@id":"https:\/\/www.broeckhuys.nl\/#organization","name":"Groene Heuvels Exploitatie B.V","url":"https:\/\/www.broeckhuys.nl\/","logo":{"@type":"ImageObject","inLanguage":"fr","@id":"https:\/\/www.broeckhuys.nl\/#\/schema\/logo\/image\/","url":"https:\/\/i0.wp.com\/www.broeckhuys.nl\/wp-content\/uploads\/2022\/05\/5745-Broeckhuys-logo-RGB-scaled.jpg?fit=2560%2C1280&ssl=1","contentUrl":"https:\/\/i0.wp.com\/www.broeckhuys.nl\/wp-content\/uploads\/2022\/05\/5745-Broeckhuys-logo-RGB-scaled.jpg?fit=2560%2C1280&ssl=1","width":2560,"height":1280,"caption":"Groene Heuvels Exploitatie B.V"},"image":{"@id":"https:\/\/www.broeckhuys.nl\/#\/schema\/logo\/image\/"},"sameAs":["https:\/\/www.facebook.com\/broeckhuys"]}]}},"_links":{"self":[{"href":"https:\/\/www.broeckhuys.nl\/fr\/wp-json\/wp\/v2\/pages\/4836","targetHints":{"allow":["GET"]}}],"collection":[{"href":"https:\/\/www.broeckhuys.nl\/fr\/wp-json\/wp\/v2\/pages"}],"about":[{"href":"https:\/\/www.broeckhuys.nl\/fr\/wp-json\/wp\/v2\/types\/page"}],"author":[{"embeddable":true,"href":"https:\/\/www.broeckhuys.nl\/fr\/wp-json\/wp\/v2\/users\/2"}],"replies":[{"embeddable":true,"href":"https:\/\/www.broeckhuys.nl\/fr\/wp-json\/wp\/v2\/comments?post=4836"}],"version-history":[{"count":0,"href":"https:\/\/www.broeckhuys.nl\/fr\/wp-json\/wp\/v2\/pages\/4836\/revisions"}],"wp:attachment":[{"href":"https:\/\/www.broeckhuys.nl\/fr\/wp-json\/wp\/v2\/media?parent=4836"}],"curies":[{"name":"wp","href":"https:\/\/api.w.org\/{rel}","templated":true}]}}